{"id":192,"date":"2022-01-10T10:17:58","date_gmt":"2022-01-10T10:17:58","guid":{"rendered":"http:\/\/volleyballgrossraming.at\/?page_id=192"},"modified":"2022-05-19T13:25:57","modified_gmt":"2022-05-19T13:25:57","slug":"volleyball-grossraming","status":"publish","type":"page","link":"https:\/\/volleyballgrossraming.at\/","title":{"rendered":"Startseite"},"content":{"rendered":"\n\n\n\n<hr class=\"wp-block-separator is-style-wide\"\/>\n\n\n\n<h2><strong>Herzlich Wi<\/strong>llkommen auf der Website des ASV\u00d6 Gro\u00dframing!<\/h2>\n\n\n\n<p>Wir freuen uns Ihr Interesse f\u00fcr den Volleyballsport geweckt zu haben und w\u00fcnschen Ihnen viel Spa\u00df beim St\u00f6bern.<\/p>\n\n\n\n<hr class=\"wp-block-separator is-style-wide\"\/>\n\n\n\n<h2><strong>Leitbild &#8211; ASV\u00d6 Gro\u00dframing<\/strong><\/h2>\n\n\n\n<p> Der Volleyball- und Beachvolleyballverein Gro\u00dframing setzt sich f\u00fcr eine sportliche Freizeitgestaltung in der Region ein und ist offen f\u00fcr alle Interessierten, die diese Sportart aus\u00fcben wollen. <\/p>\n\n\n\n<p> Die Freude an Sport und Spiel steht im Verein an erster Stelle. Toleranz, Fairness, Teamgeist und gegenseitiger Respekt im pers\u00f6nlichen Umgang sind bei uns tragende Werte.&nbsp; <\/p>\n\n\n\n<p>Wir freuen uns \u00fcber neue Mitglieder und m\u00f6chten auch Jugendliche einladen, sich f\u00fcr den Volleyballsport zu begeistern und aktiv im Verein mitzuarbeiten.<\/p>\n\n\n\n<hr class=\"wp-block-separator is-style-wide\"\/>\n\n\n\n<h2><strong>Vorstand<\/strong><\/h2>\n\n\n\n<figure class=\"wp-block-table is-style-stripes\"><table><tbody><tr><td>Obmann und Sektionsleiter<\/td><td>Friedrich Niedermair<\/td><\/tr><tr><td>Schriftf\u00fchrer<\/td><td>Peter Elsigan<\/td><\/tr><tr><td>Schriftf\u00fchrer Stellvertreter<\/td><td>Julian Niedermair<\/td><\/tr><tr><td>Kassier<\/td><td>Florian Ebenf\u00fchrer<\/td><\/tr><\/tbody><\/table><\/figure>\n","protected":false},"excerpt":{"rendered":"<p>Herzlich Willkommen auf der Website des ASV\u00d6 Gro\u00dframing! Wir freuen uns Ihr Interesse f\u00fcr den Volleyballsport geweckt zu haben und w\u00fcnschen Ihnen viel Spa\u00df beim St\u00f6bern. Leitbild &#8211; ASV\u00d6 Gro\u00dframing Der Volleyball- und Beachvolleyballverein Gro\u00dframing setzt sich f\u00fcr eine sportliche Freizeitgestaltung in der Region ein und ist offen f\u00fcr alle Interessierten, die diese Sportart aus\u00fcben<\/p><\/div>\n<div class=\"blog-btn\"><a href=\"https:\/\/volleyballgrossraming.at\/\" class=\"home-blog-btn\">Weiterlesen<\/a><\/p>\n","protected":false},"author":1,"featured_media":0,"parent":0,"menu_order":0,"comment_status":"closed","ping_status":"closed","template":"","meta":[],"yoast_head":"<!-- This site is optimized with the Yoast SEO plugin v18.9 - https:\/\/yoast.com\/wordpress\/plugins\/seo\/ -->\n<title>Startseite - Volleyballverein Gro\u00dframing<\/title>\n<meta name=\"description\" content=\"Willkommen auf der Seite des Volleyballvereins ASV\u00d6 Gro\u00dframing. Informieren Sie sich \u00fcber die Platzreservierung und werden Sie Mitglied.\" \/>\n<meta name=\"robots\" content=\"index, follow, max-snippet:-1, max-image-preview:large, max-video-preview:-1\" \/>\n<link rel=\"canonical\" href=\"https:\/\/volleyballgrossraming.at\/\" \/>\n<meta property=\"og:locale\" content=\"de_DE\" \/>\n<meta property=\"og:type\" content=\"article\" \/>\n<meta property=\"og:title\" content=\"Startseite - Volleyballverein Gro\u00dframing\" \/>\n<meta property=\"og:description\" content=\"Willkommen auf der Seite des Volleyballvereins ASV\u00d6 Gro\u00dframing. Informieren Sie sich \u00fcber die Platzreservierung und werden Sie Mitglied.\" \/>\n<meta property=\"og:url\" content=\"https:\/\/volleyballgrossraming.at\/\" \/>\n<meta property=\"article:modified_time\" content=\"2022-05-19T13:25:57+00:00\" \/>\n<meta name=\"twitter:card\" content=\"summary_large_image\" \/>\n<meta name=\"twitter:label1\" content=\"Gesch\u00e4tzte Lesezeit\" \/>\n\t<meta name=\"twitter:data1\" content=\"1\u00a0Minute\" \/>\n<script type=\"application\/ld+json\" class=\"yoast-schema-graph\">{\"@context\":\"https:\/\/schema.org\",\"@graph\":[{\"@type\":\"WebSite\",\"@id\":\"https:\/\/volleyballgrossraming.at\/#website\",\"url\":\"https:\/\/volleyballgrossraming.at\/\",\"name\":\"\",\"description\":\"\",\"potentialAction\":[{\"@type\":\"SearchAction\",\"target\":{\"@type\":\"EntryPoint\",\"urlTemplate\":\"https:\/\/volleyballgrossraming.at\/?s={search_term_string}\"},\"query-input\":\"required name=search_term_string\"}],\"inLanguage\":\"de\"},{\"@type\":\"WebPage\",\"@id\":\"https:\/\/volleyballgrossraming.at\/#webpage\",\"url\":\"https:\/\/volleyballgrossraming.at\/\",\"name\":\"Startseite - Volleyballverein Gro\u00dframing\",\"isPartOf\":{\"@id\":\"https:\/\/volleyballgrossraming.at\/#website\"},\"datePublished\":\"2022-01-10T10:17:58+00:00\",\"dateModified\":\"2022-05-19T13:25:57+00:00\",\"description\":\"Willkommen auf der Seite des Volleyballvereins ASV\u00d6 Gro\u00dframing. Informieren Sie sich \u00fcber die Platzreservierung und werden Sie Mitglied.\",\"breadcrumb\":{\"@id\":\"https:\/\/volleyballgrossraming.at\/#breadcrumb\"},\"inLanguage\":\"de\",\"potentialAction\":[{\"@type\":\"ReadAction\",\"target\":[\"https:\/\/volleyballgrossraming.at\/\"]}]},{\"@type\":\"BreadcrumbList\",\"@id\":\"https:\/\/volleyballgrossraming.at\/#breadcrumb\",\"itemListElement\":[{\"@type\":\"ListItem\",\"position\":1,\"name\":\"Startseite\",\"item\":\"https:\/\/volleyballgrossraming.at\/\"},{\"@type\":\"ListItem\",\"position\":2,\"name\":\"Startseite\"}]}]}<\/script>\n<!-- \/ Yoast SEO plugin. -->","yoast_head_json":{"title":"Startseite - Volleyballverein Gro\u00dframing","description":"Willkommen auf der Seite des Volleyballvereins ASV\u00d6 Gro\u00dframing. Informieren Sie sich \u00fcber die Platzreservierung und werden Sie Mitglied.","robots":{"index":"index","follow":"follow","max-snippet":"max-snippet:-1","max-image-preview":"max-image-preview:large","max-video-preview":"max-video-preview:-1"},"canonical":"https:\/\/volleyballgrossraming.at\/","og_locale":"de_DE","og_type":"article","og_title":"Startseite - Volleyballverein Gro\u00dframing","og_description":"Willkommen auf der Seite des Volleyballvereins ASV\u00d6 Gro\u00dframing. Informieren Sie sich \u00fcber die Platzreservierung und werden Sie Mitglied.","og_url":"https:\/\/volleyballgrossraming.at\/","article_modified_time":"2022-05-19T13:25:57+00:00","twitter_card":"summary_large_image","twitter_misc":{"Gesch\u00e4tzte Lesezeit":"1\u00a0Minute"},"schema":{"@context":"https:\/\/schema.org","@graph":[{"@type":"WebSite","@id":"https:\/\/volleyballgrossraming.at\/#website","url":"https:\/\/volleyballgrossraming.at\/","name":"","description":"","potentialAction":[{"@type":"SearchAction","target":{"@type":"EntryPoint","urlTemplate":"https:\/\/volleyballgrossraming.at\/?s={search_term_string}"},"query-input":"required name=search_term_string"}],"inLanguage":"de"},{"@type":"WebPage","@id":"https:\/\/volleyballgrossraming.at\/#webpage","url":"https:\/\/volleyballgrossraming.at\/","name":"Startseite - Volleyballverein Gro\u00dframing","isPartOf":{"@id":"https:\/\/volleyballgrossraming.at\/#website"},"datePublished":"2022-01-10T10:17:58+00:00","dateModified":"2022-05-19T13:25:57+00:00","description":"Willkommen auf der Seite des Volleyballvereins ASV\u00d6 Gro\u00dframing. Informieren Sie sich \u00fcber die Platzreservierung und werden Sie Mitglied.","breadcrumb":{"@id":"https:\/\/volleyballgrossraming.at\/#breadcrumb"},"inLanguage":"de","potentialAction":[{"@type":"ReadAction","target":["https:\/\/volleyballgrossraming.at\/"]}]},{"@type":"BreadcrumbList","@id":"https:\/\/volleyballgrossraming.at\/#breadcrumb","itemListElement":[{"@type":"ListItem","position":1,"name":"Startseite","item":"https:\/\/volleyballgrossraming.at\/"},{"@type":"ListItem","position":2,"name":"Startseite"}]}]}},"_links":{"self":[{"href":"https:\/\/volleyballgrossraming.at\/index.php?rest_route=\/wp\/v2\/pages\/192"}],"collection":[{"href":"https:\/\/volleyballgrossraming.at\/index.php?rest_route=\/wp\/v2\/pages"}],"about":[{"href":"https:\/\/volleyballgrossraming.at\/index.php?rest_route=\/wp\/v2\/types\/page"}],"author":[{"embeddable":true,"href":"https:\/\/volleyballgrossraming.at\/index.php?rest_route=\/wp\/v2\/users\/1"}],"replies":[{"embeddable":true,"href":"https:\/\/volleyballgrossraming.at\/index.php?rest_route=%2Fwp%2Fv2%2Fcomments&post=192"}],"version-history":[{"count":8,"href":"https:\/\/volleyballgrossraming.at\/index.php?rest_route=\/wp\/v2\/pages\/192\/revisions"}],"predecessor-version":[{"id":247,"href":"https:\/\/volleyballgrossraming.at\/index.php?rest_route=\/wp\/v2\/pages\/192\/revisions\/247"}],"wp:attachment":[{"href":"https:\/\/volleyballgrossraming.at\/index.php?rest_route=%2Fwp%2Fv2%2Fmedia&parent=192"}],"curies":[{"name":"wp","href":"https:\/\/api.w.org\/{rel}","templated":true}]}}