{"id":33,"date":"2021-12-03T07:31:12","date_gmt":"2021-12-03T07:31:12","guid":{"rendered":"http:\/\/volleyballgrossraming.at\/?page_id=33"},"modified":"2022-07-04T14:26:11","modified_gmt":"2022-07-04T14:26:11","slug":"volleyballplatz","status":"publish","type":"page","link":"https:\/\/volleyballgrossraming.at\/?page_id=33","title":{"rendered":"Volleyballplatz"},"content":{"rendered":"\n<hr class=\"wp-block-separator is-style-wide\"\/>\n\n\n\n<h2>Platzreservierung<\/h2>\n\n\n\n<figure class=\"wp-block-image size-large is-style-default\"><img loading=\"lazy\" width=\"1024\" height=\"819\" src=\"http:\/\/volleyballgrossraming.at\/wp-content\/uploads\/2022\/07\/Volleyball2k-1024x819.jpg\" alt=\"Volleyballplatz von oben\" class=\"wp-image-282\" srcset=\"https:\/\/volleyballgrossraming.at\/wp-content\/uploads\/2022\/07\/Volleyball2k-1024x819.jpg 1024w, https:\/\/volleyballgrossraming.at\/wp-content\/uploads\/2022\/07\/Volleyball2k-300x240.jpg 300w, https:\/\/volleyballgrossraming.at\/wp-content\/uploads\/2022\/07\/Volleyball2k-768x615.jpg 768w, https:\/\/volleyballgrossraming.at\/wp-content\/uploads\/2022\/07\/Volleyball2k.jpg 1476w\" sizes=\"(max-width: 1024px) 100vw, 1024px\" \/><\/figure>\n\n\n<!--noptimize-->\n        <script type=\"text\/javascript\">\n         var cp_hourbk_cancel_label = 'Cancel';\n         var cp_hourbk_quantity_label = 'Quantity';\n         var cp_hourbk_cost_label = 'Cost';\n         var cp_hourbk_overlapping_label = 'Selected time is no longer available. Please select a different time.';\n         var cp_hourbk_nomore_label = 'No more slots available.';\n         var cp_hourbk_avoid_overlapping = 0;\n         var apphboverbooking_handler0 = false;\n         function cp_appbooking_pform_doValidate_1(form)\n         {\n            try { if (document.cp_appbooking_pform_1.cp_appbooking_pform_status.value == '1') return false; } catch (e) {}\n            $dexQuery = jQuery.noConflict();\n            try { document.cp_appbooking_pform_1.cp_ref_page.value = document.location; } catch (e) {}\n            $dexQuery = jQuery.noConflict();            {\n                var cpefb_error = 0;\n                $dexQuery(\"#cp_appbooking_pform_1\").find(\".cpefb_error\").each(function(index){\n                    if ($dexQuery(this).css(\"display\")!=\"none\")\n                        cpefb_error++;\n                    })\n                if (cpefb_error==0)\n                {\n                    if (!apphboverbooking_handler0)\n                    {\n                        try { document.cp_appbooking_pform_1.cp_appbooking_pform_status.value = '1';\t } catch (e) {}\n                        apphbblink_1(\".pbSubmit:visible\");\n                        $dexQuery(\"#cp_appbooking_pform_1\").find(\".avoid_overlapping_before\").not(\".ignore,.ignorepb\").removeClass(\"avoid_overlapping_before\").removeClass(\"valid\").addClass(\"avoid_overlapping\");\n                        cp_hourbk_avoid_overlapping = 1;\n                        try {\n                            $dexQuery(\"#cp_appbooking_pform_1\").find(\".avoid_overlapping\").valid();\n                        } catch (e) { cp_hourbk_avoid_overlapping = 0; }\n                        function check_cp_hourbk_avoid_overlapping(){\n\t\t                    if (cp_hourbk_avoid_overlapping>0)\n\t\t                        setTimeout(check_cp_hourbk_avoid_overlapping,100);\n\t\t                    else\n\t\t                    {\n                                var cpefb_error = 0;\n                                $dexQuery(\"#cp_appbooking_pform_1\").find(\".cpefb_error\").each(function(index){\n                                    if ($dexQuery(this).css(\"display\")!=\"none\")\n                                        cpefb_error++;\n                                    });\n                                try { document.cp_appbooking_pform_1.cp_appbooking_pform_status.value = '0';\t } catch (e) {}\n                                if (cpefb_error==0)\n                                {\n                                    apphboverbooking_handler0 = true;\n                                    if (cp_appbooking_pform_doValidate_1(form))\n                                    {\n                                        $dexQuery( \".pbSubmit\" ).unbind();\n                                        if ($dexQuery( \".pbSubmit\" ).hasClass(\"nofirst\"))\n                                            return false;\n                                        $dexQuery( \".pbSubmit\" ).addClass(\"nofirst\");\n                                        document.getElementById(\"cp_appbooking_pform_1\").submit();\n                                    }\n                                }\n\t\t                    }\n\t\t                }\n\t\t                check_cp_hourbk_avoid_overlapping();\n                        return false;\n                    }\n                    \t        \t\t$dexQuery(\"#cp_appbooking_pform_1\").find( '.ignore' ).closest( '.fields' ).remove();\n\t        \t}\n\t        \tdocument.getElementById(\"form_structure_1\").value = '';\n\t        \tdocument.getElementById(\"refpage_1\").value = document.location;\n                try {\n                    if (cpefb_error==0)\n                    {\n                        document.cp_appbooking_pform_1.cp_appbooking_pform_status.value = '1';\n                        apphbblink_1(\".pbSubmit\");\n                    }\n                } catch (e) {}\n                return true;\n            }\n         }\n         function apphbblink_1(selector){\n             try {\n                 $dexQuery = jQuery.noConflict();\n                 $dexQuery(selector).fadeOut(1000, function(){\n                     $dexQuery(this).fadeIn(1000, function(){\n                             try {\n                                 if (document.cp_appbooking_pform_1.cp_appbooking_pform_status.value != '0')\n                                     apphbblink_1(this);\n                             } catch (e) { console.log(e)}\n                     });\n                 });\n             } catch (e) {}\n         }\n         function cp_appbooking_cerror_1(){$dexQuery = jQuery.noConflict();$dexQuery(\"#hdcaptcha_error_1\").css('top',$dexQuery(\"#hdcaptcha_cp_appbooking_post_1\").outerHeight());$dexQuery(\"#hdcaptcha_error_1\").css(\"display\",\"inline\");}\n        <\/script><!--\/noptimize-->\n        <link href=\"https:\/\/volleyballgrossraming.at\/wp-content\/plugins\/appointment-hour-booking\/templates\/08\/style.css\" type=\"text\/css\" rel=\"stylesheet\" \/><form class=\"cpp_form\" name=\"cp_appbooking_pform_1\" id=\"cp_appbooking_pform_1\" action=\"\" method=\"post\" enctype=\"multipart\/form-data\" onsubmit=\"return cp_appbooking_pform_doValidate_1(this);\"><input type=\"hidden\" name=\"cp_pform_psequence\" value=\"_1\" \/><input type=\"hidden\" name=\"cp_appbooking_pform_process\" value=\"1\" \/><input type=\"hidden\" name=\"cp_appbooking_id\" value=\"1\" \/><input type=\"hidden\" name=\"cp_ref_page\" value=\"\" \/><input type=\"hidden\" name=\"form_structure_1\" id=\"form_structure_1\" size=\"180\" value=\"[[{&quot;form_identifier&quot;:&quot;&quot;,&quot;name&quot;:&quot;fieldname1&quot;,&quot;shortlabel&quot;:&quot;&quot;,&quot;index&quot;:0,&quot;ftype&quot;:&quot;fapp&quot;,&quot;userhelp&quot;:&quot;&quot;,&quot;userhelpTooltip&quot;:&quot;&quot;,&quot;csslayout&quot;:&quot;&quot;,&quot;title&quot;:&quot;Appointment&quot;,&quot;services&quot;:[{&quot;name&quot;:&quot;Volleyballplatzreservierung&quot;,&quot;price&quot;:1,&quot;capacity&quot;:1,&quot;duration&quot;:&quot;60&quot;,&quot;pb&quot;:0,&quot;pa&quot;:0,&quot;ohindex&quot;:0,&quot;idx&quot;:1}],&quot;openhours&quot;:[],&quot;allOH&quot;:[{&quot;name&quot;:&quot;Default&quot;,&quot;openhours&quot;:[{&quot;type&quot;:&quot;all&quot;,&quot;d&quot;:&quot;2021-12-02&quot;,&quot;h1&quot;:8,&quot;m1&quot;:0,&quot;h2&quot;:&quot;21&quot;,&quot;m2&quot;:&quot;0&quot;}]}],&quot;dateFormat&quot;:&quot;mm\\\/dd\\\/yy&quot;,&quot;showDropdown&quot;:false,&quot;showTotalCost&quot;:false,&quot;showTotalCostFormat&quot;:&quot;$ {0}&quot;,&quot;showEndTime&quot;:false,&quot;showQuantity&quot;:false,&quot;usedSlotsCheckbox&quot;:false,&quot;avoidOverlaping&quot;:true,&quot;emptySelectCheckbox&quot;:false,&quot;emptySelect&quot;:&quot;&quot;,&quot;dropdownRange&quot;:&quot;-10:+10&quot;,&quot;working_dates&quot;:[true,true,true,true,true,true,true],&quot;numberOfMonths&quot;:1,&quot;maxNumberOfApp&quot;:&quot;3&quot;,&quot;firstDay&quot;:0,&quot;minDate&quot;:&quot;0&quot;,&quot;maxDate&quot;:&quot;&quot;,&quot;defaultDate&quot;:&quot;&quot;,&quot;invalidDates&quot;:&quot;&quot;,&quot;tmpinvalidDates&quot;:&quot;&quot;,&quot;required&quot;:true,&quot;bSlotsCheckbox&quot;:true,&quot;bSlots&quot;:30,&quot;militaryTime&quot;:1,&quot;autonum&quot;:1,&quot;autonumStaff&quot;:0,&quot;fBuild&quot;:{},&quot;special_days&quot;:[],&quot;minDateTmp&quot;:&quot;0&quot;,&quot;getMinDate&quot;:{},&quot;tmpinvalidDatestime&quot;:[]},{&quot;form_identifier&quot;:&quot;&quot;,&quot;name&quot;:&quot;fieldname4&quot;,&quot;shortlabel&quot;:&quot;&quot;,&quot;index&quot;:1,&quot;ftype&quot;:&quot;ftext&quot;,&quot;userhelp&quot;:&quot;&quot;,&quot;userhelpTooltip&quot;:&quot;&quot;,&quot;csslayout&quot;:&quot;&quot;,&quot;title&quot;:&quot;Vollst\\u00e4ndiger Name&quot;,&quot;predefined&quot;:&quot;&quot;,&quot;predefinedClick&quot;:false,&quot;required&quot;:true,&quot;size&quot;:&quot;medium&quot;,&quot;minlength&quot;:&quot;&quot;,&quot;maxlength&quot;:&quot;&quot;,&quot;equalTo&quot;:&quot;&quot;,&quot;fBuild&quot;:{}},{&quot;form_identifier&quot;:&quot;&quot;,&quot;name&quot;:&quot;fieldname3&quot;,&quot;shortlabel&quot;:&quot;&quot;,&quot;index&quot;:2,&quot;ftype&quot;:&quot;femail&quot;,&quot;userhelp&quot;:&quot;&quot;,&quot;userhelpTooltip&quot;:&quot;&quot;,&quot;csslayout&quot;:&quot;&quot;,&quot;title&quot;:&quot;E-Mail&quot;,&quot;predefined&quot;:&quot;&quot;,&quot;predefinedClick&quot;:false,&quot;required&quot;:true,&quot;size&quot;:&quot;medium&quot;,&quot;equalTo&quot;:&quot;&quot;,&quot;fBuild&quot;:{}},{&quot;form_identifier&quot;:&quot;&quot;,&quot;name&quot;:&quot;fieldname2&quot;,&quot;shortlabel&quot;:&quot;&quot;,&quot;index&quot;:3,&quot;ftype&quot;:&quot;facceptance&quot;,&quot;userhelp&quot;:&quot;&quot;,&quot;userhelpTooltip&quot;:&quot;&quot;,&quot;csslayout&quot;:&quot;&quot;,&quot;title&quot;:&quot;Ich akzeptiere die unter Platzregeln angef\\u00fchrten Bedingungen&quot;,&quot;value&quot;:&quot;I accept&quot;,&quot;url&quot;:&quot;&quot;,&quot;message&quot;:&quot;&quot;,&quot;required&quot;:true,&quot;fBuild&quot;:{}}],[{&quot;title&quot;:&quot;&quot;,&quot;description&quot;:&quot;Bitte w\\u00e4hlen Sie ein Datum und die Uhrzeit aus.&quot;,&quot;formlayout&quot;:&quot;top_aligned&quot;,&quot;formtemplate&quot;:&quot;ahb_m2&quot;,&quot;evalequations&quot;:1,&quot;autocomplete&quot;:1,&quot;autofocus&quot;:false}]]\" \/><input type=\"hidden\" name=\"refpage_1\" id=\"refpage_1\" value=\"\"><input type=\"hidden\" name=\"cp_appbooking_pform_status\" value=\"0\" \/><input name=\"anonce\" type=\"hidden\" value=\"c598ab42c1\"\/> \r\n<div id=\"fbuilder\">    \r\n    <div id=\"fbuilder_1\">\r\n        <div id=\"formheader_1\"><\/div>\r\n        <div id=\"fieldlist_1\"><\/div>\r\n    <\/div>\r\n<\/div>    \r\n<div style=\"display:none\">\r\n<div id=\"cpcaptchalayer_1\" class=\"cpcaptchalayer\">\r\n <div class=\"fields\" id=\"field-c0\" style=\"display:none\">\r\n    <label><\/label>\r\n    <div class=\"dfield\"><!--addons-payment-options--><\/div>\r\n    <div class=\"clearer\"><\/div>\r\n <\/div>\r\n<!-- rcadon -->\r\n<\/div>\r\n<\/div>\r\n<div id=\"cp_subbtn_1\" class=\"cp_subbtn\">Best\u00e4tigen<\/div>\r\n<div style=\"clear:both;\"><\/div>\r\n<\/form>\r\n\n\n\n\n<hr class=\"wp-block-separator is-style-wide\"\/>\n\n\n\n<h2>Platzregeln<\/h2>\n\n\n\n<p class=\"has-medium-font-size\"><strong>Liebe Freunde des Volleyballs! Unsere Platzregeln helfen, damit das Volleyballspielen garantiert immer Spa\u00df macht!<\/strong><\/p>\n\n\n\n<p class=\"has-medium-font-size\"><strong><em>Wir bitten h\u00f6flichst um Einhaltung der Regeln!<\/em><\/strong><\/p>\n\n\n\n<ul class=\"has-medium-font-size\"><li>Vor dem Spielen ist eine Online Reservierung erforderlich. Noch nicht reserviert? -Ganz einfach unter der Registerkarte &#8222;Volleyballplatz &#8211; Platz reservieren&#8220; Anschlie\u00dfend Datum und Uhrzeit ausw\u00e4hlen.<br> <\/li><\/ul>\n\n\n\n<ul class=\"has-medium-font-size\"><li>Der Schl\u00fcssel zum Platz ist in der Fl\u00f6\u00dferstube erh\u00e4ltlich. Hierf\u00fcr ist ein Einsatz von 20\u20ac zu bezahlen. Diesen bekommen Sie nach zur\u00fcckbringen des Schl\u00fcssels zur\u00fcck. <\/li><\/ul>\n\n\n\n<ul class=\"has-medium-font-size\"><li>F\u00fcr nicht Vereinsmitglieder kostet die Benutzung des Platzes 5\u20ac \/ Stunde und \/ Person. Die Geb\u00fchr ist vor dem Spiel in der Kassa abzugeben. Benutzen Sie daf\u00fcr die Papiersackerl und notieren Sie Name und Datum darauf.<br> <\/li><\/ul>\n\n\n\n<ul class=\"has-medium-font-size\"><li>F\u00fcr Vereinsmitglieder ist das Benutzen kostenlos.<br> <\/li><\/ul>\n\n\n\n<ul class=\"has-medium-font-size\"><li>Bitte achten Sie auf sauberes hinterlassen des Platzes! M\u00fcll bitte wieder mitnehmen und entsorgen.<br> <\/li><\/ul>\n\n\n\n<ul class=\"has-medium-font-size\"><li>Am Platzzaun bzw. am Netz bitte nicht anlehnen!<br> <\/li><\/ul>\n\n\n\n<ul class=\"has-medium-font-size\"><li>Wir bitten Sie den Platz nach dem Spielen wie auf folgender Grafik abzuziehen:<\/li><\/ul>\n\n\n\n<figure class=\"wp-block-image size-full is-resized\"><img loading=\"lazy\" src=\"http:\/\/volleyballgrossraming.at\/wp-content\/uploads\/2021\/12\/Abziehen.jpg\" alt=\"\" class=\"wp-image-109\" width=\"254\" height=\"260\"\/><\/figure>\n\n\n\n<p> <\/p>\n\n\n\n<ul class=\"has-medium-font-size\"><li>Beim Verlassen des Platzes alle T\u00fcren verschlie\u00dfen.<\/li><\/ul>\n\n\n\n<p><\/p>\n\n\n\n<p><\/p>\n\n\n\n<p class=\"has-text-align-center has-medium-font-size\"><strong>Wir w\u00fcnschen viel Spa\u00df beim Spielen!<\/strong><\/p>\n\n\n\n<p class=\"has-text-align-center has-medium-font-size\"><strong>Vom Verein wird keine Haftung \u00fcbernommen<\/strong><\/p>\n\n\n\n<hr class=\"wp-block-separator is-style-wide\"\/>\n\n\n\n<h2>Standort<\/h2>\n\n\n\n<p class=\"has-medium-font-size\">So finden Sie ganz einfach zum Volleyballplatz<\/p>\n\n\n\n<p>Der ASV\u00d6 Platz befindet sich beim Fl\u00f6\u00dferdorf in Gro\u00dframing<\/p>\n\n\n\n<p>Garstenau 22, 4463 Gro\u00dframing<\/p>\n\n\n\n<p><\/p>\n\n\n\n<p><\/p>\n\n\n\n<iframe src=\"https:\/\/www.google.com\/maps\/embed?pb=!1m18!1m12!1m3!1d2922.32133877688!2d14.559498235494933!3d47.87905630215097!2m3!1f0!2f0!3f0!3m2!1i1024!2i768!4f13.1!3m3!1m2!1s0x47722cad0d50b643%3A0x5a25e47c939b6d82!2sGarstenau%2022%2C%204463%20Gro%C3%9Framing!5e1!3m2!1sde!2sat!4v1639724287649!5m2!1sde!2sat\" style=\"border:0;\" allowfullscreen=\"\" loading=\"lazy\" width=\"600\" height=\"450\"><\/iframe>\n","protected":false},"excerpt":{"rendered":"<p>Platzreservierung Platzregeln Liebe Freunde des Volleyballs! Unsere Platzregeln helfen, damit das Volleyballspielen garantiert immer Spa\u00df macht! Wir bitten h\u00f6flichst um Einhaltung der Regeln! Vor dem Spielen ist eine Online Reservierung erforderlich. Noch nicht reserviert? -Ganz einfach unter der Registerkarte &#8222;Volleyballplatz &#8211; Platz reservieren&#8220; Anschlie\u00dfend Datum und Uhrzeit ausw\u00e4hlen. Der Schl\u00fcssel zum Platz ist in der<\/p><\/div>\n<div class=\"blog-btn\"><a href=\"https:\/\/volleyballgrossraming.at\/?page_id=33\" class=\"home-blog-btn\">Weiterlesen<\/a><\/p>\n","protected":false},"author":1,"featured_media":0,"parent":0,"menu_order":0,"comment_status":"closed","ping_status":"closed","template":"","meta":[],"yoast_head":"<!-- This site is optimized with the Yoast SEO plugin v18.9 - https:\/\/yoast.com\/wordpress\/plugins\/seo\/ -->\n<title>Volleyballplatz -<\/title>\n<meta name=\"description\" content=\"Die Buchung des Volleyballplatzes und alles was Sie wissen m\u00fcssen finden Sie kurz und kompakt hier. So finden Sie uns ...\" \/>\n<meta name=\"robots\" content=\"index, follow, max-snippet:-1, max-image-preview:large, max-video-preview:-1\" \/>\n<link rel=\"canonical\" href=\"https:\/\/volleyballgrossraming.at\/?page_id=33\" \/>\n<meta property=\"og:locale\" content=\"de_DE\" \/>\n<meta property=\"og:type\" content=\"article\" \/>\n<meta property=\"og:title\" content=\"Volleyballplatz -\" \/>\n<meta property=\"og:description\" content=\"Die Buchung des Volleyballplatzes und alles was Sie wissen m\u00fcssen finden Sie kurz und kompakt hier. So finden Sie uns ...\" \/>\n<meta property=\"og:url\" content=\"https:\/\/volleyballgrossraming.at\/?page_id=33\" \/>\n<meta property=\"article:modified_time\" content=\"2022-07-04T14:26:11+00:00\" \/>\n<meta property=\"og:image\" content=\"http:\/\/volleyballgrossraming.at\/wp-content\/uploads\/2022\/07\/Volleyball2k-1024x819.jpg\" \/>\n<meta name=\"twitter:card\" content=\"summary_large_image\" \/>\n<meta name=\"twitter:label1\" content=\"Gesch\u00e4tzte Lesezeit\" \/>\n\t<meta name=\"twitter:data1\" content=\"2\u00a0Minuten\" \/>\n<script type=\"application\/ld+json\" class=\"yoast-schema-graph\">{\"@context\":\"https:\/\/schema.org\",\"@graph\":[{\"@type\":\"WebSite\",\"@id\":\"https:\/\/volleyballgrossraming.at\/#website\",\"url\":\"https:\/\/volleyballgrossraming.at\/\",\"name\":\"\",\"description\":\"\",\"potentialAction\":[{\"@type\":\"SearchAction\",\"target\":{\"@type\":\"EntryPoint\",\"urlTemplate\":\"https:\/\/volleyballgrossraming.at\/?s={search_term_string}\"},\"query-input\":\"required name=search_term_string\"}],\"inLanguage\":\"de\"},{\"@type\":\"ImageObject\",\"inLanguage\":\"de\",\"@id\":\"https:\/\/volleyballgrossraming.at\/?page_id=33#primaryimage\",\"url\":\"http:\/\/volleyballgrossraming.at\/wp-content\/uploads\/2022\/07\/Volleyball2k-1024x819.jpg\",\"contentUrl\":\"http:\/\/volleyballgrossraming.at\/wp-content\/uploads\/2022\/07\/Volleyball2k-1024x819.jpg\"},{\"@type\":\"WebPage\",\"@id\":\"https:\/\/volleyballgrossraming.at\/?page_id=33#webpage\",\"url\":\"https:\/\/volleyballgrossraming.at\/?page_id=33\",\"name\":\"Volleyballplatz -\",\"isPartOf\":{\"@id\":\"https:\/\/volleyballgrossraming.at\/#website\"},\"primaryImageOfPage\":{\"@id\":\"https:\/\/volleyballgrossraming.at\/?page_id=33#primaryimage\"},\"datePublished\":\"2021-12-03T07:31:12+00:00\",\"dateModified\":\"2022-07-04T14:26:11+00:00\",\"description\":\"Die Buchung des Volleyballplatzes und alles was Sie wissen m\u00fcssen finden Sie kurz und kompakt hier. So finden Sie uns ...\",\"breadcrumb\":{\"@id\":\"https:\/\/volleyballgrossraming.at\/?page_id=33#breadcrumb\"},\"inLanguage\":\"de\",\"potentialAction\":[{\"@type\":\"ReadAction\",\"target\":[\"https:\/\/volleyballgrossraming.at\/?page_id=33\"]}]},{\"@type\":\"BreadcrumbList\",\"@id\":\"https:\/\/volleyballgrossraming.at\/?page_id=33#breadcrumb\",\"itemListElement\":[{\"@type\":\"ListItem\",\"position\":1,\"name\":\"Startseite\",\"item\":\"https:\/\/volleyballgrossraming.at\/\"},{\"@type\":\"ListItem\",\"position\":2,\"name\":\"Volleyballplatz\"}]}]}<\/script>\n<!-- \/ Yoast SEO plugin. -->","yoast_head_json":{"title":"Volleyballplatz -","description":"Die Buchung des Volleyballplatzes und alles was Sie wissen m\u00fcssen finden Sie kurz und kompakt hier. So finden Sie uns ...","robots":{"index":"index","follow":"follow","max-snippet":"max-snippet:-1","max-image-preview":"max-image-preview:large","max-video-preview":"max-video-preview:-1"},"canonical":"https:\/\/volleyballgrossraming.at\/?page_id=33","og_locale":"de_DE","og_type":"article","og_title":"Volleyballplatz -","og_description":"Die Buchung des Volleyballplatzes und alles was Sie wissen m\u00fcssen finden Sie kurz und kompakt hier. So finden Sie uns ...","og_url":"https:\/\/volleyballgrossraming.at\/?page_id=33","article_modified_time":"2022-07-04T14:26:11+00:00","og_image":[{"url":"http:\/\/volleyballgrossraming.at\/wp-content\/uploads\/2022\/07\/Volleyball2k-1024x819.jpg"}],"twitter_card":"summary_large_image","twitter_misc":{"Gesch\u00e4tzte Lesezeit":"2\u00a0Minuten"},"schema":{"@context":"https:\/\/schema.org","@graph":[{"@type":"WebSite","@id":"https:\/\/volleyballgrossraming.at\/#website","url":"https:\/\/volleyballgrossraming.at\/","name":"","description":"","potentialAction":[{"@type":"SearchAction","target":{"@type":"EntryPoint","urlTemplate":"https:\/\/volleyballgrossraming.at\/?s={search_term_string}"},"query-input":"required name=search_term_string"}],"inLanguage":"de"},{"@type":"ImageObject","inLanguage":"de","@id":"https:\/\/volleyballgrossraming.at\/?page_id=33#primaryimage","url":"http:\/\/volleyballgrossraming.at\/wp-content\/uploads\/2022\/07\/Volleyball2k-1024x819.jpg","contentUrl":"http:\/\/volleyballgrossraming.at\/wp-content\/uploads\/2022\/07\/Volleyball2k-1024x819.jpg"},{"@type":"WebPage","@id":"https:\/\/volleyballgrossraming.at\/?page_id=33#webpage","url":"https:\/\/volleyballgrossraming.at\/?page_id=33","name":"Volleyballplatz -","isPartOf":{"@id":"https:\/\/volleyballgrossraming.at\/#website"},"primaryImageOfPage":{"@id":"https:\/\/volleyballgrossraming.at\/?page_id=33#primaryimage"},"datePublished":"2021-12-03T07:31:12+00:00","dateModified":"2022-07-04T14:26:11+00:00","description":"Die Buchung des Volleyballplatzes und alles was Sie wissen m\u00fcssen finden Sie kurz und kompakt hier. So finden Sie uns ...","breadcrumb":{"@id":"https:\/\/volleyballgrossraming.at\/?page_id=33#breadcrumb"},"inLanguage":"de","potentialAction":[{"@type":"ReadAction","target":["https:\/\/volleyballgrossraming.at\/?page_id=33"]}]},{"@type":"BreadcrumbList","@id":"https:\/\/volleyballgrossraming.at\/?page_id=33#breadcrumb","itemListElement":[{"@type":"ListItem","position":1,"name":"Startseite","item":"https:\/\/volleyballgrossraming.at\/"},{"@type":"ListItem","position":2,"name":"Volleyballplatz"}]}]}},"_links":{"self":[{"href":"https:\/\/volleyballgrossraming.at\/index.php?rest_route=\/wp\/v2\/pages\/33"}],"collection":[{"href":"https:\/\/volleyballgrossraming.at\/index.php?rest_route=\/wp\/v2\/pages"}],"about":[{"href":"https:\/\/volleyballgrossraming.at\/index.php?rest_route=\/wp\/v2\/types\/page"}],"author":[{"embeddable":true,"href":"https:\/\/volleyballgrossraming.at\/index.php?rest_route=\/wp\/v2\/users\/1"}],"replies":[{"embeddable":true,"href":"https:\/\/volleyballgrossraming.at\/index.php?rest_route=%2Fwp%2Fv2%2Fcomments&post=33"}],"version-history":[{"count":10,"href":"https:\/\/volleyballgrossraming.at\/index.php?rest_route=\/wp\/v2\/pages\/33\/revisions"}],"predecessor-version":[{"id":284,"href":"https:\/\/volleyballgrossraming.at\/index.php?rest_route=\/wp\/v2\/pages\/33\/revisions\/284"}],"wp:attachment":[{"href":"https:\/\/volleyballgrossraming.at\/index.php?rest_route=%2Fwp%2Fv2%2Fmedia&parent=33"}],"curies":[{"name":"wp","href":"https:\/\/api.w.org\/{rel}","templated":true}]}}