{"id":34,"date":"2021-12-03T07:31:12","date_gmt":"2021-12-03T07:31:12","guid":{"rendered":"http:\/\/volleyballgrossraming.at\/?page_id=34"},"modified":"2022-09-05T07:28:14","modified_gmt":"2022-09-05T07:28:14","slug":"kontakt","status":"publish","type":"page","link":"https:\/\/volleyballgrossraming.at\/?page_id=34","title":{"rendered":"Kontakt"},"content":{"rendered":"\n<p>Obmann Friedrich Niedermair<\/p>\n\n\n\n<p>Rodelsbach 42<\/p>\n\n\n\n<p>4463 Gro\u00dframing<\/p>\n\n\n\n<p>Tel.: 0650 700 22 59<\/p>\n\n\n\n<p><a href=\"mailto:friedrich.niedermair@nms-reichraming.at\">Schreiben Sie uns eine Email<\/a>: verein@volleyballgrossraming.at<\/p>\n\n\n<link rel=\"stylesheet\" property=\"stylesheet\" href=\"https:\/\/volleyballgrossraming.at\/wp-content\/plugins\/happyforms\/core\/assets\/css\/color.css?ver=1.15.2\" \/><link rel=\"stylesheet\" property=\"stylesheet\" href=\"https:\/\/volleyballgrossraming.at\/wp-content\/plugins\/happyforms\/core\/assets\/css\/layout.css?ver=1.15.2\" \/>\t<!-- HappyForms CSS variables -->\n\t<style>\n\t#happyforms-64 {\n\t\t--happyforms-form-title-font-size: 32px;\n--happyforms-part-title-font-size: 15px;\n--happyforms-part-description-font-size: 12px;\n--happyforms-part-value-font-size: 16px;\n--happyforms-submit-button-font-size: 16px;\n--happyforms-color-primary: #000000;\n--happyforms-color-success-notice: #ebf9f0;\n--happyforms-color-success-notice-text: #1eb452;\n--happyforms-color-error: #f23000;\n--happyforms-color-error-notice: #ffeeea;\n--happyforms-color-error-notice-text: #f23000;\n--happyforms-color-part-title: #000000;\n--happyforms-color-part-value: #000000;\n--happyforms-color-part-placeholder: #888888;\n--happyforms-color-part-description: #454545;\n--happyforms-color-part-border: #878787;\n--happyforms-color-part-border-focus: #7aa4ff;\n--happyforms-color-part-background: #ffffff;\n--happyforms-color-part-background-focus: #ffffff;\n--happyforms-color-submit-background: #000000;\n--happyforms-color-submit-background-hover: #000000;\n--happyforms-color-submit-border: transparent;\n--happyforms-color-submit-text: #ffffff;\n--happyforms-color-submit-text-hover: #ffffff;\n--happyforms-color-rating: #cccccc;\n--happyforms-color-rating-hover: #000000;\n--happyforms-color-table-row-odd: #fcfcfc;\n--happyforms-color-table-row-even: #efefef;\n--happyforms-color-table-row-odd-text: #000000;\n--happyforms-color-table-row-even-text: #000000;\n--happyforms-color-divider-hr: #cccccc;\n--happyforms-color-choice-checkmark-bg: #ffffff;\n--happyforms-color-choice-checkmark-bg-focus: #000000;\n--happyforms-color-choice-checkmark-color: #ffffff;\n--happyforms-color-dropdown-item-bg: #ffffff;\n--happyforms-color-dropdown-item-text: #000000;\n--happyforms-color-dropdown-item-bg-hover: #f4f4f5;\n--happyforms-color-dropdown-item-text-hover: #000000;\n\t}\n\t<\/style>\n\t<!-- End of HappyForms CSS variables -->\n\t\t<!-- HappyForms Additional CSS -->\n\t<style data-happyforms-additional-css>\n\t\t<\/style>\n\t<!-- End of HappyForms Additional CSS -->\n\t\t\t<link rel=\"stylesheet\" type=\"text\/css\" href=\"https:\/\/volleyballgrossraming.at\/wp-content\/plugins\/happyforms\/core\/assets\/css\/no-interaction.css\">\n\t\t<div class=\"happyforms-form happyforms-styles happyforms-form--submit-button-align-center\" id=\"happyforms-64\">\n\t\t\n\t<form action=\"\" id=\"happyforms-form-64\" method=\"post\" novalidate=\"true\" autocomplete=\"off\">\n\t\t\n\t\t\t<input type=\"hidden\" name=\"action\" value=\"happyforms_message\">\n\t\t\t\t<input type=\"hidden\" name=\"happyforms_form_id\" value=\"64\" \/>\n\t\t\t\t<input type=\"hidden\" name=\"happyforms_step\" value=\"0\" \/>\n\t\n\t\t<div class=\"happyforms-flex\">\n\t\t\t\t<input type=\"text\" name=\"64-single_line_text\" style=\"position:absolute;left:-5000px;\" tabindex=\"-1\" autocomplete=\"off\"> <span class=\"screen-reader-text\">Lass dieses Feld leer<\/span>\n\t\t\t\t\t\t\t\t\t\t<div class=\"happyforms-form__part happyforms-part happyforms-part--single_line_text happyforms-part--width-half happyforms-part--label-show\" id=\"happyforms-64_single_line_text_1-part\" data-happyforms-type=\"single_line_text\" data-happyforms-id=\"single_line_text_1\" data-happyforms-required=\"\">\n\t<div class=\"happyforms-part-wrap\">\n\t\t\n\t\t\t\t\t\t<div class=\"happyforms-part__label-container\">\n\t\t\t\t<label for=\"happyforms-64_single_line_text_1\" class=\"happyforms-part__label\">\n\t\t\t<span class=\"label\">Vorname<\/span>\n\t\t\t\t\t\t\t\t\t\t<span class=\"happyforms-required\"><\/span>\n\t\t\t\t\t\t\t\t\t\t<span class=\"happyforms-optional\">(optional)<\/span>\n\t\t\t\t\t<\/label>\n\t\t\t<\/div>\n\t\t\t\n\t\t\n\t\t<div class=\"happyforms-part__el\">\n\t\t\t\n\t\t\t\n\t\t\t<div class=\"happyforms-input\">\n\t\t\t\t\n\t\t\t\t<input id=\"happyforms-64_single_line_text_1\" type=\"text\" name=\"64_single_line_text_1\" value=\"\" placeholder=\"\" autocomplete=\"off\" spellcheck=\"false\"  autocorrect=\"off\" \/>\n\t\t\t\t\t\t\t<\/div>\n\n\t\t\t\n\t\t\t\n\t\t\t\t\t<\/div>\n\t<\/div>\n<\/div>\n<div class=\"happyforms-form__part happyforms-part happyforms-part--single_line_text happyforms-part--width-half happyforms-part--label-show\" id=\"happyforms-64_single_line_text_2-part\" data-happyforms-type=\"single_line_text\" data-happyforms-id=\"single_line_text_2\" data-happyforms-required=\"\">\n\t<div class=\"happyforms-part-wrap\">\n\t\t\n\t\t\t\t\t\t<div class=\"happyforms-part__label-container\">\n\t\t\t\t<label for=\"happyforms-64_single_line_text_2\" class=\"happyforms-part__label\">\n\t\t\t<span class=\"label\">Nachname<\/span>\n\t\t\t\t\t\t\t\t\t\t<span class=\"happyforms-required\"><\/span>\n\t\t\t\t\t\t\t\t\t\t<span class=\"happyforms-optional\">(optional)<\/span>\n\t\t\t\t\t<\/label>\n\t\t\t<\/div>\n\t\t\t\n\t\t\n\t\t<div class=\"happyforms-part__el\">\n\t\t\t\n\t\t\t\n\t\t\t<div class=\"happyforms-input\">\n\t\t\t\t\n\t\t\t\t<input id=\"happyforms-64_single_line_text_2\" type=\"text\" name=\"64_single_line_text_2\" value=\"\" placeholder=\"\" autocomplete=\"off\" spellcheck=\"false\"  autocorrect=\"off\" \/>\n\t\t\t\t\t\t\t<\/div>\n\n\t\t\t\n\t\t\t\n\t\t\t\t\t<\/div>\n\t<\/div>\n<\/div>\n<div class=\"happyforms-part--with-autocomplete happyforms-form__part happyforms-part happyforms-part--email happyforms-part--width-half happyforms-part--label-show\" id=\"happyforms-64_email_5-part\" data-happyforms-type=\"email\" data-happyforms-id=\"email_5\" data-happyforms-required=\"\">\n\t\t<div class=\"happyforms-part-wrap\">\n\t\t\t\t\t\t<div class=\"happyforms-part__label-container\">\n\t\t\t\t<label for=\"happyforms-64_email_5\" class=\"happyforms-part__label\">\n\t\t\t<span class=\"label\">E-Mail<\/span>\n\t\t\t\t\t\t\t\t\t\t<span class=\"happyforms-required\"><\/span>\n\t\t\t\t\t\t\t\t\t\t<span class=\"happyforms-optional\">(optional)<\/span>\n\t\t\t\t\t<\/label>\n\t\t\t<\/div>\n\t\t\t\n\t\t\n\t\t<div class=\"happyforms-part__el\">\n\t\t\t\n\t\t\t\n\t\t\t<div class=\"happyforms-input\">\n\t\t\t\t<input type=\"email\" name=\"64_email_5\" id=\"happyforms-64_email_5\" value=\"\" placeholder=\"\" autocomplete=\"off\" spellcheck=\"false\"  autocorrect=\"off\" \/>\n\t\t\t\t\t\t\t<\/div>\n\n\t\t\t\n\t\t\t\n\t\t\t\t\t<\/div>\n\t<\/div>\n<\/div>\n<div class=\"happyforms-form__part happyforms-part happyforms-part--single_line_text happyforms-part--width-half happyforms-part--label-show\" id=\"happyforms-64_single_line_text_8-part\" data-happyforms-type=\"single_line_text\" data-happyforms-id=\"single_line_text_8\" data-happyforms-required=\"\">\n\t<div class=\"happyforms-part-wrap\">\n\t\t\n\t\t\t\t\t\t<div class=\"happyforms-part__label-container\">\n\t\t\t\t<label for=\"happyforms-64_single_line_text_8\" class=\"happyforms-part__label\">\n\t\t\t<span class=\"label\">Telefonnummer<\/span>\n\t\t\t\t\t\t\t\t\t\t<span class=\"happyforms-required\"><\/span>\n\t\t\t\t\t\t\t\t\t\t<span class=\"happyforms-optional\">(optional)<\/span>\n\t\t\t\t\t<\/label>\n\t\t\t<\/div>\n\t\t\t\n\t\t\n\t\t<div class=\"happyforms-part__el\">\n\t\t\t\n\t\t\t\n\t\t\t<div class=\"happyforms-input\">\n\t\t\t\t\n\t\t\t\t<input id=\"happyforms-64_single_line_text_8\" type=\"text\" name=\"64_single_line_text_8\" value=\"\" placeholder=\"\" autocomplete=\"off\" spellcheck=\"false\"  autocorrect=\"off\" \/>\n\t\t\t\t\t\t\t<\/div>\n\n\t\t\t\n\t\t\t\n\t\t\t\t\t<\/div>\n\t<\/div>\n<\/div>\n<div class=\"happyforms-form__part happyforms-part happyforms-part--multi_line_text happyforms-part--width-full happyforms-part--label-show\" id=\"happyforms-64_multi_line_text_7-part\" data-happyforms-type=\"multi_line_text\" data-happyforms-id=\"multi_line_text_7\" data-happyforms-required=\"\">\n\t<div class=\"happyforms-part-wrap\">\n\t\t\t\t\t\t<div class=\"happyforms-part__label-container\">\n\t\t\t\t<label for=\"happyforms-64_multi_line_text_7\" class=\"happyforms-part__label\">\n\t\t\t<span class=\"label\">Nachricht<\/span>\n\t\t\t\t\t\t\t\t\t\t<span class=\"happyforms-required\"><\/span>\n\t\t\t\t\t\t\t\t\t\t<span class=\"happyforms-optional\">(optional)<\/span>\n\t\t\t\t\t<\/label>\n\t\t\t<\/div>\n\t\t\t\n\t\t\n\t\t<div class=\"happyforms-part__el\">\n\t\t\t\n\t\t\t\t\t\t<textarea id=\"happyforms-64_multi_line_text_7\" name=\"64_multi_line_text_7\" rows=\"5\" placeholder=\"\" autocomplete=\"off\" spellcheck=\"false\" data-length=\"200\" data-length-mode=\"word\" autocorrect=\"off\" ><\/textarea>\n\t\t\t\n\t\t\t\t\t\t<div class=\"happyforms-part__char-counter word_max\">\n\t\t\t\t<span class=\"counter\">0<\/span>\/<span class=\"counter-limit\">200<\/span> <span class=\"counter-label\">Maximale Anzahl W\u00f6rter<\/span>\t\t\t<\/div>\n\t\t\t\n\t\t\t\t\t<\/div>\n\t<\/div>\n<\/div>\n\t\t\t\t\t\t<div class=\"happyforms-form__part happyforms-part happyforms-part--submit\">\n\t\t<button type=\"submit\" class=\"happyforms-submit happyforms-button--submit \">Absenden<\/button>\n\t<\/div>\t\t<\/div>\n\n\t\t\t<\/form>\n\n\t<\/div>\n","protected":false},"excerpt":{"rendered":"<p>Obmann Friedrich Niedermair Rodelsbach 42 4463 Gro\u00dframing Tel.: 0650 700 22 59 Schreiben Sie uns eine Email: verein@volleyballgrossraming.at<\/p>\n","protected":false},"author":1,"featured_media":0,"parent":0,"menu_order":0,"comment_status":"closed","ping_status":"closed","template":"","meta":[],"yoast_head":"<!-- This site is optimized with the Yoast SEO plugin v18.9 - https:\/\/yoast.com\/wordpress\/plugins\/seo\/ -->\n<title>Kontakt -<\/title>\n<meta name=\"description\" content=\"Hier k\u00f6nnen Sie ganz einfach Kontakt zu unserem engagierten Team beim Volleyballverein ASV\u00d6 Gro\u00dframing aufnehmen.\" \/>\n<meta name=\"robots\" content=\"index, follow, max-snippet:-1, max-image-preview:large, max-video-preview:-1\" \/>\n<link rel=\"canonical\" href=\"https:\/\/volleyballgrossraming.at\/?page_id=34\" \/>\n<meta property=\"og:locale\" content=\"de_DE\" \/>\n<meta property=\"og:type\" content=\"article\" \/>\n<meta property=\"og:title\" content=\"Kontakt -\" \/>\n<meta property=\"og:description\" content=\"Hier k\u00f6nnen Sie ganz einfach Kontakt zu unserem engagierten Team beim Volleyballverein ASV\u00d6 Gro\u00dframing aufnehmen.\" \/>\n<meta property=\"og:url\" content=\"https:\/\/volleyballgrossraming.at\/?page_id=34\" \/>\n<meta property=\"article:modified_time\" content=\"2022-09-05T07:28:14+00:00\" \/>\n<meta name=\"twitter:card\" content=\"summary_large_image\" \/>\n<meta name=\"twitter:label1\" content=\"Gesch\u00e4tzte Lesezeit\" \/>\n\t<meta name=\"twitter:data1\" content=\"1\u00a0Minute\" \/>\n<script type=\"application\/ld+json\" class=\"yoast-schema-graph\">{\"@context\":\"https:\/\/schema.org\",\"@graph\":[{\"@type\":\"WebSite\",\"@id\":\"https:\/\/volleyballgrossraming.at\/#website\",\"url\":\"https:\/\/volleyballgrossraming.at\/\",\"name\":\"\",\"description\":\"\",\"potentialAction\":[{\"@type\":\"SearchAction\",\"target\":{\"@type\":\"EntryPoint\",\"urlTemplate\":\"https:\/\/volleyballgrossraming.at\/?s={search_term_string}\"},\"query-input\":\"required name=search_term_string\"}],\"inLanguage\":\"de\"},{\"@type\":\"WebPage\",\"@id\":\"https:\/\/volleyballgrossraming.at\/?page_id=34#webpage\",\"url\":\"https:\/\/volleyballgrossraming.at\/?page_id=34\",\"name\":\"Kontakt -\",\"isPartOf\":{\"@id\":\"https:\/\/volleyballgrossraming.at\/#website\"},\"datePublished\":\"2021-12-03T07:31:12+00:00\",\"dateModified\":\"2022-09-05T07:28:14+00:00\",\"description\":\"Hier k\u00f6nnen Sie ganz einfach Kontakt zu unserem engagierten Team beim Volleyballverein ASV\u00d6 Gro\u00dframing aufnehmen.\",\"breadcrumb\":{\"@id\":\"https:\/\/volleyballgrossraming.at\/?page_id=34#breadcrumb\"},\"inLanguage\":\"de\",\"potentialAction\":[{\"@type\":\"ReadAction\",\"target\":[\"https:\/\/volleyballgrossraming.at\/?page_id=34\"]}]},{\"@type\":\"BreadcrumbList\",\"@id\":\"https:\/\/volleyballgrossraming.at\/?page_id=34#breadcrumb\",\"itemListElement\":[{\"@type\":\"ListItem\",\"position\":1,\"name\":\"Startseite\",\"item\":\"https:\/\/volleyballgrossraming.at\/\"},{\"@type\":\"ListItem\",\"position\":2,\"name\":\"Kontakt\"}]}]}<\/script>\n<!-- \/ Yoast SEO plugin. -->","yoast_head_json":{"title":"Kontakt -","description":"Hier k\u00f6nnen Sie ganz einfach Kontakt zu unserem engagierten Team beim Volleyballverein ASV\u00d6 Gro\u00dframing aufnehmen.","robots":{"index":"index","follow":"follow","max-snippet":"max-snippet:-1","max-image-preview":"max-image-preview:large","max-video-preview":"max-video-preview:-1"},"canonical":"https:\/\/volleyballgrossraming.at\/?page_id=34","og_locale":"de_DE","og_type":"article","og_title":"Kontakt -","og_description":"Hier k\u00f6nnen Sie ganz einfach Kontakt zu unserem engagierten Team beim Volleyballverein ASV\u00d6 Gro\u00dframing aufnehmen.","og_url":"https:\/\/volleyballgrossraming.at\/?page_id=34","article_modified_time":"2022-09-05T07:28:14+00:00","twitter_card":"summary_large_image","twitter_misc":{"Gesch\u00e4tzte Lesezeit":"1\u00a0Minute"},"schema":{"@context":"https:\/\/schema.org","@graph":[{"@type":"WebSite","@id":"https:\/\/volleyballgrossraming.at\/#website","url":"https:\/\/volleyballgrossraming.at\/","name":"","description":"","potentialAction":[{"@type":"SearchAction","target":{"@type":"EntryPoint","urlTemplate":"https:\/\/volleyballgrossraming.at\/?s={search_term_string}"},"query-input":"required name=search_term_string"}],"inLanguage":"de"},{"@type":"WebPage","@id":"https:\/\/volleyballgrossraming.at\/?page_id=34#webpage","url":"https:\/\/volleyballgrossraming.at\/?page_id=34","name":"Kontakt -","isPartOf":{"@id":"https:\/\/volleyballgrossraming.at\/#website"},"datePublished":"2021-12-03T07:31:12+00:00","dateModified":"2022-09-05T07:28:14+00:00","description":"Hier k\u00f6nnen Sie ganz einfach Kontakt zu unserem engagierten Team beim Volleyballverein ASV\u00d6 Gro\u00dframing aufnehmen.","breadcrumb":{"@id":"https:\/\/volleyballgrossraming.at\/?page_id=34#breadcrumb"},"inLanguage":"de","potentialAction":[{"@type":"ReadAction","target":["https:\/\/volleyballgrossraming.at\/?page_id=34"]}]},{"@type":"BreadcrumbList","@id":"https:\/\/volleyballgrossraming.at\/?page_id=34#breadcrumb","itemListElement":[{"@type":"ListItem","position":1,"name":"Startseite","item":"https:\/\/volleyballgrossraming.at\/"},{"@type":"ListItem","position":2,"name":"Kontakt"}]}]}},"_links":{"self":[{"href":"https:\/\/volleyballgrossraming.at\/index.php?rest_route=\/wp\/v2\/pages\/34"}],"collection":[{"href":"https:\/\/volleyballgrossraming.at\/index.php?rest_route=\/wp\/v2\/pages"}],"about":[{"href":"https:\/\/volleyballgrossraming.at\/index.php?rest_route=\/wp\/v2\/types\/page"}],"author":[{"embeddable":true,"href":"https:\/\/volleyballgrossraming.at\/index.php?rest_route=\/wp\/v2\/users\/1"}],"replies":[{"embeddable":true,"href":"https:\/\/volleyballgrossraming.at\/index.php?rest_route=%2Fwp%2Fv2%2Fcomments&post=34"}],"version-history":[{"count":6,"href":"https:\/\/volleyballgrossraming.at\/index.php?rest_route=\/wp\/v2\/pages\/34\/revisions"}],"predecessor-version":[{"id":294,"href":"https:\/\/volleyballgrossraming.at\/index.php?rest_route=\/wp\/v2\/pages\/34\/revisions\/294"}],"wp:attachment":[{"href":"https:\/\/volleyballgrossraming.at\/index.php?rest_route=%2Fwp%2Fv2%2Fmedia&parent=34"}],"curies":[{"name":"wp","href":"https:\/\/api.w.org\/{rel}","templated":true}]}}