{"id":35,"date":"2021-12-03T07:31:12","date_gmt":"2021-12-03T07:31:12","guid":{"rendered":"http:\/\/volleyballgrossraming.at\/?page_id=35"},"modified":"2022-09-05T07:29:34","modified_gmt":"2022-09-05T07:29:34","slug":"impressum","status":"publish","type":"page","link":"https:\/\/volleyballgrossraming.at\/?page_id=35","title":{"rendered":"Impressum"},"content":{"rendered":"\n<h3>F\u00fcr die Inhalte verantwortlich<\/h3>\n\n\n\n<p>ASV\u00d6 Volleyball Gro\u00dframing<br>Rodelsbach 42<br>4463 Gro\u00dframing<\/p>\n\n\n\n<p>Telefon:\u00a0<a href=\"tel:+43268264824\">0650 700 22 59<\/a><br>E-Mail:\u00a0<a>verein@volleyballgrossraming.at<\/a><\/p>\n\n\n\n<p>ZVR-Nr.: 300419<\/p>\n\n\n\n<p>Der Inhalt dieser Seite ist durch das Urheberrecht gesch\u00fctzt. Die Verwendung, Vervielf\u00e4ltigung und Weitergabe von Inhalten dieser Website ist nur mit Genehmigung der Urheber gestattet. F\u00fcr die Richtigkeit und Vollst\u00e4ndigkeit der gebotenen Informationen und aller Inhalte verlinkter Seiten wird keine Gew\u00e4hr \u00fcbernommen. Wir distanzieren uns ausdr\u00fccklich von den Inhalten aller Seiten, zu denen Links von unserer Seite f\u00fchren. Alle in dieser Website genannten Bezeichnungen k\u00f6nnen gesch\u00fctzt sein. Die Nennung dieser Bezeichnungen ohne den Hinweis auf ein gesch\u00fctztes Marken- und Warenzeichen unterliegt ganz den Bestimmungen der Besitzrechte der jeweiligen Eigent\u00fcmer.<\/p>\n\n\n\n<hr class=\"wp-block-separator has-css-opacity is-style-dots\"\/>\n\n\n\n<h1>Datenschutzerkl\u00e4rung<\/h1>\n\n\n\n<p><strong>Die Betreiber dieser Seiten nehmen den Schutz Ihrer pers\u00f6nlichen Daten sehr ernst. Wir behandeln Ihre personenbezogenen Daten vertraulich und entsprechend der gesetzlichen Datenschutzvorschriften sowie dieser Datenschutzerkl\u00e4rung.&nbsp;<\/strong><\/p>\n\n\n\n<p>Die Nutzung unserer Webseite ist in der Regel ohne Angabe personenbezogener Daten m\u00f6glich. Soweit auf unseren Seiten personenbezogene Daten (beispielsweise Name, Anschrift oder E-Mail-Adressen) erhoben werden, erfolgt dies, soweit m\u00f6glich, stets auf freiwilliger Basis. Diese Daten werden ohne Ihre ausdr\u00fcckliche Zustimmung nicht an Dritte weitergegeben.&nbsp;<\/p>\n\n\n\n<p>Wir weisen darauf hin, dass die Daten\u00fcbertragung im Internet (z.B. bei der Kommunikation per E-Mail) Sicherheitsl\u00fccken aufweisen kann. Ein l\u00fcckenloser Schutz der Daten vor dem Zugriff durch Dritte ist nicht m\u00f6glich.&nbsp;<\/p>\n\n\n\n<h2>Cookies&nbsp;<\/h2>\n\n\n\n<p>Die Internetseiten verwenden teilweise so genannte Cookies. Cookies richten auf Ihrem Rechner keinen Schaden an und enthalten keine Viren. Cookies dienen dazu, unser Angebot nutzerfreundlicher, effektiver und sicherer zu machen. Cookies sind kleine Textdateien, die auf Ihrem Rechner abgelegt werden und die Ihr Browser speichert.&nbsp;<\/p>\n\n\n\n<p>Die meisten der von uns verwendeten Cookies sind so genannte \u201eSession-Cookies\u201c. Sie werden nach Ende Ihres Besuchs automatisch gel\u00f6scht. Andere Cookies bleiben auf Ihrem Endger\u00e4t gespeichert, bis Sie diese l\u00f6schen. Diese Cookies erm\u00f6glichen es uns, Ihren Browser beim n\u00e4chsten Besuch wiederzuerkennen.&nbsp;<\/p>\n\n\n\n<p>Sie k\u00f6nnen Ihren Browser so einstellen, dass Sie \u00fcber das Setzen von Cookies informiert werden und Cookies nur im Einzelfall erlauben, die Annahme von Cookies f\u00fcr bestimmte F\u00e4lle oder generell ausschlie\u00dfen sowie das automatische L\u00f6schen der Cookies beim Schlie\u00dfen des Browser aktivieren. Bei der Deaktivierung von Cookies kann die Funktionalit\u00e4t dieser Website eingeschr\u00e4nkt sein.&nbsp;<\/p>\n\n\n\n<h2>Server-Log-Files&nbsp;<\/h2>\n\n\n\n<p>Der Provider der Seiten erhebt und speichert automatisch Informationen in so genannten Server-Log Files, die Ihr Browser automatisch an uns \u00fcbermittelt. Dies sind:<\/p>\n\n\n\n<ul><li>Browsertyp\/ Browserversion<\/li><li>verwendetes Betriebssystem<\/li><li>Referrer URL<\/li><li>Hostname des zugreifenden Rechners<\/li><li>Uhrzeit der Serveranfrage<\/li><\/ul>\n\n\n\n<p><br>Diese Daten sind nicht bestimmten Personen zuordenbar. Eine Zusammenf\u00fchrung dieser Daten mit anderen Datenquellen wird nicht vorgenommen. Wir behalten uns vor, diese Daten nachtr\u00e4glich zu pr\u00fcfen, wenn uns konkrete Anhaltspunkte f\u00fcr eine rechtswidrige Nutzung bekannt werden.&nbsp;<\/p>\n\n\n\n<h2>Fotos und Videos<\/h2>\n\n\n\n<p>Im Rahmen einer Veranstaltung k\u00f6nnen durch den oder im Auftrag des ASV\u00d6 Volleyball Gro\u00dframing Fotografien und\/oder Filme und\/oder Videos erstellt werden. Mit der Teilnahme an der Veranstaltung nehme ich zur Kenntnis, dass Fotografien und Video- bzw. Filmmaterialien, auf denen ich abgebildet bin, zur Presse-Berichterstattung und Dokumentation verwendet und in verschiedensten (sozialen) Medien, Publikationen und auf Webseiten des ASV\u00d6 Volleyball Gro\u00dframing ver\u00f6ffentlicht werden.<\/p>\n\n\n\n<h2>Auskunft, L\u00f6schung, Sperrung&nbsp;<\/h2>\n\n\n\n<p>Sie haben jederzeit das Recht auf unentgeltliche Auskunft \u00fcber Ihre gespeicherten personenbezogenen Daten, deren Herkunft und Empf\u00e4nger und den Zweck der Datenverarbeitung sowie ein Recht auf Berichtigung, Sperrung oder L\u00f6schung dieser Daten. Hierzu sowie zu weiteren Fragen zum Thema personenbezogene Daten k\u00f6nnen Sie sich jederzeit unter der im Impressum angegebenen Adresse an uns wenden.&nbsp;<\/p>\n","protected":false},"excerpt":{"rendered":"<p>F\u00fcr die Inhalte verantwortlich ASV\u00d6 Volleyball Gro\u00dframingRodelsbach 424463 Gro\u00dframing Telefon:\u00a00650 700 22 59E-Mail:\u00a0verein@volleyballgrossraming.at ZVR-Nr.: 300419 Der Inhalt dieser Seite ist durch das Urheberrecht gesch\u00fctzt. Die Verwendung, Vervielf\u00e4ltigung und Weitergabe von Inhalten dieser Website ist nur mit Genehmigung der Urheber gestattet. F\u00fcr die Richtigkeit und Vollst\u00e4ndigkeit der gebotenen Informationen und aller Inhalte verlinkter Seiten wird keine<\/p><\/div>\n<div class=\"blog-btn\"><a href=\"https:\/\/volleyballgrossraming.at\/?page_id=35\" class=\"home-blog-btn\">Weiterlesen<\/a><\/p>\n","protected":false},"author":1,"featured_media":0,"parent":0,"menu_order":0,"comment_status":"closed","ping_status":"closed","template":"","meta":[],"yoast_head":"<!-- This site is optimized with the Yoast SEO plugin v18.9 - https:\/\/yoast.com\/wordpress\/plugins\/seo\/ -->\n<title>Impressum -<\/title>\n<meta name=\"description\" content=\"Hier finden Sie unser Impressum, inklusive aller rechtlichen Hinweise und unserer Datenschutzerkl\u00e4rung.\" \/>\n<meta name=\"robots\" content=\"index, follow, max-snippet:-1, max-image-preview:large, max-video-preview:-1\" \/>\n<link rel=\"canonical\" href=\"https:\/\/volleyballgrossraming.at\/?page_id=35\" \/>\n<meta property=\"og:locale\" content=\"de_DE\" \/>\n<meta property=\"og:type\" content=\"article\" \/>\n<meta property=\"og:title\" content=\"Impressum -\" \/>\n<meta property=\"og:description\" content=\"Hier finden Sie unser Impressum, inklusive aller rechtlichen Hinweise und unserer Datenschutzerkl\u00e4rung.\" \/>\n<meta property=\"og:url\" content=\"https:\/\/volleyballgrossraming.at\/?page_id=35\" \/>\n<meta property=\"article:modified_time\" content=\"2022-09-05T07:29:34+00:00\" \/>\n<meta name=\"twitter:card\" content=\"summary_large_image\" \/>\n<meta name=\"twitter:label1\" content=\"Gesch\u00e4tzte Lesezeit\" \/>\n\t<meta name=\"twitter:data1\" content=\"4\u00a0Minuten\" \/>\n<script type=\"application\/ld+json\" class=\"yoast-schema-graph\">{\"@context\":\"https:\/\/schema.org\",\"@graph\":[{\"@type\":\"WebSite\",\"@id\":\"https:\/\/volleyballgrossraming.at\/#website\",\"url\":\"https:\/\/volleyballgrossraming.at\/\",\"name\":\"\",\"description\":\"\",\"potentialAction\":[{\"@type\":\"SearchAction\",\"target\":{\"@type\":\"EntryPoint\",\"urlTemplate\":\"https:\/\/volleyballgrossraming.at\/?s={search_term_string}\"},\"query-input\":\"required name=search_term_string\"}],\"inLanguage\":\"de\"},{\"@type\":\"WebPage\",\"@id\":\"https:\/\/volleyballgrossraming.at\/?page_id=35#webpage\",\"url\":\"https:\/\/volleyballgrossraming.at\/?page_id=35\",\"name\":\"Impressum -\",\"isPartOf\":{\"@id\":\"https:\/\/volleyballgrossraming.at\/#website\"},\"datePublished\":\"2021-12-03T07:31:12+00:00\",\"dateModified\":\"2022-09-05T07:29:34+00:00\",\"description\":\"Hier finden Sie unser Impressum, inklusive aller rechtlichen Hinweise und unserer Datenschutzerkl\u00e4rung.\",\"breadcrumb\":{\"@id\":\"https:\/\/volleyballgrossraming.at\/?page_id=35#breadcrumb\"},\"inLanguage\":\"de\",\"potentialAction\":[{\"@type\":\"ReadAction\",\"target\":[\"https:\/\/volleyballgrossraming.at\/?page_id=35\"]}]},{\"@type\":\"BreadcrumbList\",\"@id\":\"https:\/\/volleyballgrossraming.at\/?page_id=35#breadcrumb\",\"itemListElement\":[{\"@type\":\"ListItem\",\"position\":1,\"name\":\"Startseite\",\"item\":\"https:\/\/volleyballgrossraming.at\/\"},{\"@type\":\"ListItem\",\"position\":2,\"name\":\"Impressum\"}]}]}<\/script>\n<!-- \/ Yoast SEO plugin. -->","yoast_head_json":{"title":"Impressum -","description":"Hier finden Sie unser Impressum, inklusive aller rechtlichen Hinweise und unserer Datenschutzerkl\u00e4rung.","robots":{"index":"index","follow":"follow","max-snippet":"max-snippet:-1","max-image-preview":"max-image-preview:large","max-video-preview":"max-video-preview:-1"},"canonical":"https:\/\/volleyballgrossraming.at\/?page_id=35","og_locale":"de_DE","og_type":"article","og_title":"Impressum -","og_description":"Hier finden Sie unser Impressum, inklusive aller rechtlichen Hinweise und unserer Datenschutzerkl\u00e4rung.","og_url":"https:\/\/volleyballgrossraming.at\/?page_id=35","article_modified_time":"2022-09-05T07:29:34+00:00","twitter_card":"summary_large_image","twitter_misc":{"Gesch\u00e4tzte Lesezeit":"4\u00a0Minuten"},"schema":{"@context":"https:\/\/schema.org","@graph":[{"@type":"WebSite","@id":"https:\/\/volleyballgrossraming.at\/#website","url":"https:\/\/volleyballgrossraming.at\/","name":"","description":"","potentialAction":[{"@type":"SearchAction","target":{"@type":"EntryPoint","urlTemplate":"https:\/\/volleyballgrossraming.at\/?s={search_term_string}"},"query-input":"required name=search_term_string"}],"inLanguage":"de"},{"@type":"WebPage","@id":"https:\/\/volleyballgrossraming.at\/?page_id=35#webpage","url":"https:\/\/volleyballgrossraming.at\/?page_id=35","name":"Impressum -","isPartOf":{"@id":"https:\/\/volleyballgrossraming.at\/#website"},"datePublished":"2021-12-03T07:31:12+00:00","dateModified":"2022-09-05T07:29:34+00:00","description":"Hier finden Sie unser Impressum, inklusive aller rechtlichen Hinweise und unserer Datenschutzerkl\u00e4rung.","breadcrumb":{"@id":"https:\/\/volleyballgrossraming.at\/?page_id=35#breadcrumb"},"inLanguage":"de","potentialAction":[{"@type":"ReadAction","target":["https:\/\/volleyballgrossraming.at\/?page_id=35"]}]},{"@type":"BreadcrumbList","@id":"https:\/\/volleyballgrossraming.at\/?page_id=35#breadcrumb","itemListElement":[{"@type":"ListItem","position":1,"name":"Startseite","item":"https:\/\/volleyballgrossraming.at\/"},{"@type":"ListItem","position":2,"name":"Impressum"}]}]}},"_links":{"self":[{"href":"https:\/\/volleyballgrossraming.at\/index.php?rest_route=\/wp\/v2\/pages\/35"}],"collection":[{"href":"https:\/\/volleyballgrossraming.at\/index.php?rest_route=\/wp\/v2\/pages"}],"about":[{"href":"https:\/\/volleyballgrossraming.at\/index.php?rest_route=\/wp\/v2\/types\/page"}],"author":[{"embeddable":true,"href":"https:\/\/volleyballgrossraming.at\/index.php?rest_route=\/wp\/v2\/users\/1"}],"replies":[{"embeddable":true,"href":"https:\/\/volleyballgrossraming.at\/index.php?rest_route=%2Fwp%2Fv2%2Fcomments&post=35"}],"version-history":[{"count":4,"href":"https:\/\/volleyballgrossraming.at\/index.php?rest_route=\/wp\/v2\/pages\/35\/revisions"}],"predecessor-version":[{"id":295,"href":"https:\/\/volleyballgrossraming.at\/index.php?rest_route=\/wp\/v2\/pages\/35\/revisions\/295"}],"wp:attachment":[{"href":"https:\/\/volleyballgrossraming.at\/index.php?rest_route=%2Fwp%2Fv2%2Fmedia&parent=35"}],"curies":[{"name":"wp","href":"https:\/\/api.w.org\/{rel}","templated":true}]}}